{"id":8,"date":"2017-03-07T12:13:46","date_gmt":"2017-03-07T11:13:46","guid":{"rendered":"http:\/\/192.168.178.20\/xampp\/eigene\/stephanfreigang%20ordner\/sparkasse-spree-neisse-laufcup%20ordner\/2017\/?page_id=8"},"modified":"2020-07-20T18:38:35","modified_gmt":"2020-07-20T16:38:35","slug":"reglement","status":"publish","type":"page","link":"http:\/\/www.sparkasse-spree-neisse-laufcup.de\/2017\/reglement\/","title":{"rendered":"Sparkassen-LaufCup 2020"},"content":{"rendered":"<h4>Sehr geehrte Sportfreunde und Veranstalter,<\/h4>\n<p>vielen Dank f\u00fcr Eure zahlreichen Anmeldungen zum Sparkassen-TeamLaufCup 2020.<br \/>\nAber aufgrund der besonderen Situation in diesem Jahr wurden bisher zwei von neun L\u00e4ufen abgesagt und drei L\u00e4ufe auf einen neuen Termin verlegt.<br \/>\nOb und unter welchen Bedingungen die sieben Laufveranstaltungen stattfinden, ist nicht absehbar. Da derzeit nicht absch\u00e4tzbar ist, ob die aktuell aufgehobene Abstandsregel (im Bundesland Brandenburg vorerst bis zum 16. August 2020 bei Sportveranstaltungen aufgehoben) von Dauer ist und die Gesundheit der Sportler oberste Priorit\u00e4t hat, wird auf Beschluss des Vorstandes der Sparkasse Spree \/ Nei\u00dfe die Wertung des Sparkassen-TeamLaufCups 2020 ausgesetzt. Somit ist gew\u00e4hrleistet dass keine L\u00e4ufer unter Zugzwang zur Teilnahme an einem Lauf gebracht werden, um in die Wertung des Sparkassen-TeamLaufCups zu kommen.<\/p>\n<p>Trotzdem werden die \u00a0ausrichtenden Vereine mit einer Spende von je 500 EUR der Sparkasse Spree\/Nei\u00dfe unterst\u00fctzt. Damit k\u00f6nnen Mehraufwendungen f\u00fcr die Vereine auf Grund der gestiegenen Anforderungen bzw. Verluste von geplanten Einnahmen bei Absage der L\u00e4ufe abgefedert werden.<\/p>\n<p>Bleibt gesund, mit sportlichen Gr\u00fc\u00dfen<\/p>\n<p>Stephan Freigang<br \/>\nKoordinator Sparkassen-TeamLaufCup 2020<\/p>\n<blockquote>\n<h4><\/h4>\n<h4><span style=\"font-weight: 300;\">Mit dem LaufCup unterstreicht die Sparkasse Spree-Nei\u00dfe ihre Kontinuit\u00e4t bei der F\u00f6rderung des Breitensports und der Unterst\u00fctzung von sportlichen Aktivit\u00e4ten in ihrem Gesch\u00e4ftsgebiet.<\/span><\/h4>\n<\/blockquote>\n<h1>SPK &#8211; TeamLaufCup <del>Wertungsl\u00e4ufe<\/del> 2020<\/h1>\n<p><b>1. <span class=\"Apple-converted-space\">\u00a0 <\/span>59. Branitzer Parklauf<br \/>\n<\/b>Sportplatz Branitz, <strong><span style=\"color: #ff0000;\">Termin verschoben auf 09.08.2020<\/span><\/strong>,<br \/>\nStart 10:00 Uhr,\u00a0<b>5\/10 km<\/b> <span class=\"Apple-converted-space\">\u00a0<\/span><\/p>\n<p><b><span class=\"Apple-converted-space\">\u00a0<\/span>2. <span class=\"Apple-converted-space\">\u00a0 <\/span>2. Ostseecross<br \/>\n<\/b>Erlebnispark Teichland, \u00a0<strong><span style=\"color: #ff0000;\">Termin verschoben auf\u00a015.08.2020<\/span><\/strong><br \/>\nStart 10 Uhr<b><span class=\"Apple-converted-space\">,\u00a0<\/span>5\/10 km<\/b><\/p>\n<p><b>3.<span class=\"Apple-converted-space\">\u00a0 <\/span>AOK City Run &amp; Bike<\/b><br \/>\nCottbus, <span style=\"color: #ff0000;\"><strong>Termin verschoben auf 26.09.2020<\/strong><\/span><br \/>\nStart: 13:00 Uhr<span class=\"Apple-converted-space\">,\u00a0<\/span><b>5\/10<span class=\"Apple-converted-space\">\u00a0 <\/span>km<\/b><span class=\"Apple-converted-space\">\u00a0<\/span><\/p>\n<p><b>4<\/b>. <span class=\"Apple-converted-space\">\u00a0 <\/span><b>18. Komptendorfer Waldlauf\u00a0<span style=\"color: #ff0000;\">wurde abgesagt und entf\u00e4llt!<\/span><br \/>\n<\/b>Komptendorf, 26.06.2020,<span class=\"Apple-converted-space\">\u00a0<\/span><b>5 km<span class=\"Apple-converted-space\">\u00a0<\/span><\/b><\/p>\n<p><b>5. <span class=\"Apple-converted-space\">\u00a0 <\/span>42. Forster Rosen-Pokal-Lauf <span style=\"color: #ff0000;\">wurde abgesagt und entf\u00e4llt!<\/span><br \/>\n<\/b>Forst, 03.07.2020, <span class=\"Apple-converted-space\">\u00a0<\/span><b>5\/10 km\u00a0<\/b><\/p>\n<p><b>6.<span class=\"Apple-converted-space\">\u00a0 <\/span>22. Haasower Waldlauf<br \/>\n<\/b>Haasow, 22.08.2020, Start: 10:30 Uhr,\u00a0<b>5\/10 km<\/b><span class=\"Apple-converted-space\">\u00a0<\/span><\/p>\n<p><b>7.<span class=\"Apple-converted-space\">\u00a0 <\/span>16. Lauf um den Spremberger Stausee<br \/>\n<\/b>Gro\u00df D\u00f6bbern, 12.09.2020, Start: 10:00 Uhr,\u00a0<b>5\/10 km<\/b><\/p>\n<p><b>8. <span class=\"Apple-converted-space\">\u00a0 <\/span>46. Cottbuser Oktoberlauf<br \/>\n<\/b>Cottbus, 04.10.2020, Start: 10:10 Uhr,\u00a0<b>5\/10 km<\/b><\/p>\n<p><b>9. <span class=\"Apple-converted-space\">\u00a0 <\/span>60. Branitzer Parklauf<br \/>\n<\/b>Sportplatz Branitz, 24.10.2020, Start 10:00 Uhr,\u00a0<b>5\/10 km<\/b><\/p>\n<p>&nbsp;<\/p>\n<blockquote><p>&nbsp;<\/p><\/blockquote>\n<p><a href=\"http:\/\/www.sparkasse-spree-neisse-laufcup.de\/2017\/downloads\/2020\/Flyer-Sparkassen-TeamLaufCup2020.pdf\" target=\"_blank\" rel=\"noopener noreferrer\"><img decoding=\"async\" loading=\"lazy\" class=\"alignnone wp-image-635 size-full\" title=\"Download Flyer Sparkassen-TeamLaufCup 2020\" src=\"http:\/\/www.sparkasse-spree-neisse-laufcup.de\/2017\/wp-content\/uploads\/2017\/03\/FlyerDownloadImageWeb20.png\" alt=\"\" width=\"680\" height=\"241\" srcset=\"http:\/\/www.sparkasse-spree-neisse-laufcup.de\/2017\/wp-content\/uploads\/2017\/03\/FlyerDownloadImageWeb20.png 680w, http:\/\/www.sparkasse-spree-neisse-laufcup.de\/2017\/wp-content\/uploads\/2017\/03\/FlyerDownloadImageWeb20-300x106.png 300w\" sizes=\"(max-width: 680px) 100vw, 680px\" \/><\/a><\/p>\n","protected":false},"excerpt":{"rendered":"<p>Sehr geehrte Sportfreunde und Veranstalter, vielen Dank f\u00fcr Eure zahlreichen Anmeldungen zum Sparkassen-TeamLaufCup 2020. Aber aufgrund der besonderen Situation in diesem Jahr wurden bisher zwei von neun L\u00e4ufen abgesagt und drei L\u00e4ufe auf einen neuen Termin verlegt. Ob und unter welchen Bedingungen die sieben Laufveranstaltungen stattfinden, ist nicht absehbar. Da derzeit nicht absch\u00e4tzbar ist, ob&hellip;<\/p>\n","protected":false},"author":1,"featured_media":0,"parent":0,"menu_order":0,"comment_status":"closed","ping_status":"closed","template":"","meta":[],"_links":{"self":[{"href":"http:\/\/www.sparkasse-spree-neisse-laufcup.de\/2017\/wp-json\/wp\/v2\/pages\/8"}],"collection":[{"href":"http:\/\/www.sparkasse-spree-neisse-laufcup.de\/2017\/wp-json\/wp\/v2\/pages"}],"about":[{"href":"http:\/\/www.sparkasse-spree-neisse-laufcup.de\/2017\/wp-json\/wp\/v2\/types\/page"}],"author":[{"embeddable":true,"href":"http:\/\/www.sparkasse-spree-neisse-laufcup.de\/2017\/wp-json\/wp\/v2\/users\/1"}],"replies":[{"embeddable":true,"href":"http:\/\/www.sparkasse-spree-neisse-laufcup.de\/2017\/wp-json\/wp\/v2\/comments?post=8"}],"version-history":[{"count":39,"href":"http:\/\/www.sparkasse-spree-neisse-laufcup.de\/2017\/wp-json\/wp\/v2\/pages\/8\/revisions"}],"predecessor-version":[{"id":700,"href":"http:\/\/www.sparkasse-spree-neisse-laufcup.de\/2017\/wp-json\/wp\/v2\/pages\/8\/revisions\/700"}],"wp:attachment":[{"href":"http:\/\/www.sparkasse-spree-neisse-laufcup.de\/2017\/wp-json\/wp\/v2\/media?parent=8"}],"curies":[{"name":"wp","href":"https:\/\/api.w.org\/{rel}","templated":true}]}}